{"id":436,"date":"2024-05-14T11:37:03","date_gmt":"2024-05-14T09:37:03","guid":{"rendered":"https:\/\/peledesmeresnotredameboulogne.fr\/?page_id=436"},"modified":"2025-06-20T11:25:28","modified_gmt":"2025-06-20T09:25:28","slug":"covoiturage","status":"publish","type":"page","link":"https:\/\/peledesmeresnotredameboulogne.fr\/index.php\/covoiturage\/","title":{"rendered":"Covoiturage"},"content":{"rendered":"\n<p>Pour acc\u00e9der directement au tableau de covoiturage, cliquer sur le lien ci-dessous<\/p>\n\n\n\n<ul class=\"wp-block-list\">\n<li><a href=\"https:\/\/docs.google.com\/spreadsheets\/d\/11m1Oz1GEHDTs0Ou-NBIAf6DCjtMI59xmbSw6WEfy3KQ\/edit?usp=drive_link\">Tableau gestion covoiturage 2025<\/a><\/li>\n<\/ul>\n\n\n\n<p>Le tableau est organis\u00e9 en 3 colonnes : <\/p>\n\n\n\n<ul class=\"wp-block-list\">\n<li>Verte \u00ab\u00a0je propose un trajet\u00a0\u00bb<\/li>\n\n\n\n<li>Orange \u00ab\u00a0Je m&rsquo;inscris sur un trajet\u00a0\u00bb<\/li>\n\n\n\n<li>Bleue \u00ab\u00a0Je suis \u00e0 la recherche d&rsquo;un trajet\u00a0\u00bb<\/li>\n<\/ul>\n\n\n\n<p>Si vous \u00eates \u00e0 la recherche d&rsquo;une place, n&rsquo;h\u00e9sitez pas \u00e0 revenir r\u00e9guli\u00e8rement sur le tableau !<\/p>\n\n\n\n<p><\/p>\n","protected":false},"excerpt":{"rendered":"<p>Pour acc\u00e9der directement au tableau de covoiturage, cliquer sur le lien ci-dessous Le tableau est organis\u00e9 en 3 colonnes : Si vous \u00eates \u00e0 la recherche d&rsquo;une place, n&rsquo;h\u00e9sitez pas \u00e0 revenir r\u00e9guli\u00e8rement sur le tableau !<\/p>\n","protected":false},"author":1,"featured_media":0,"parent":0,"menu_order":0,"comment_status":"closed","ping_status":"closed","template":"","meta":{"footnotes":""},"class_list":["post-436","page","type-page","status-publish","hentry"],"_links":{"self":[{"href":"https:\/\/peledesmeresnotredameboulogne.fr\/index.php\/wp-json\/wp\/v2\/pages\/436","targetHints":{"allow":["GET"]}}],"collection":[{"href":"https:\/\/peledesmeresnotredameboulogne.fr\/index.php\/wp-json\/wp\/v2\/pages"}],"about":[{"href":"https:\/\/peledesmeresnotredameboulogne.fr\/index.php\/wp-json\/wp\/v2\/types\/page"}],"author":[{"embeddable":true,"href":"https:\/\/peledesmeresnotredameboulogne.fr\/index.php\/wp-json\/wp\/v2\/users\/1"}],"replies":[{"embeddable":true,"href":"https:\/\/peledesmeresnotredameboulogne.fr\/index.php\/wp-json\/wp\/v2\/comments?post=436"}],"version-history":[{"count":4,"href":"https:\/\/peledesmeresnotredameboulogne.fr\/index.php\/wp-json\/wp\/v2\/pages\/436\/revisions"}],"predecessor-version":[{"id":522,"href":"https:\/\/peledesmeresnotredameboulogne.fr\/index.php\/wp-json\/wp\/v2\/pages\/436\/revisions\/522"}],"wp:attachment":[{"href":"https:\/\/peledesmeresnotredameboulogne.fr\/index.php\/wp-json\/wp\/v2\/media?parent=436"}],"curies":[{"name":"wp","href":"https:\/\/api.w.org\/{rel}","templated":true}]}}